{"id":3,"date":"2024-05-07T14:50:57","date_gmt":"2024-05-07T14:50:57","guid":{"rendered":"https:\/\/tamins.be\/?page_id=3"},"modified":"2026-05-07T16:38:58","modified_gmt":"2026-05-07T14:38:58","slug":"privacy-policy","status":"publish","type":"page","link":"https:\/\/tamins.be\/nl\/privacy-policy\/","title":{"rendered":"Privacy Policy"},"content":{"rendered":"<div data-elementor-type=\"wp-page\" data-elementor-id=\"3\" class=\"elementor elementor-3\" data-elementor-post-type=\"page\">\n\t\t\t\t<div class=\"elementor-element elementor-element-30441f0f e-flex e-con-boxed e-con e-parent\" data-id=\"30441f0f\" data-element_type=\"container\">\n\t\t\t\t\t<div class=\"e-con-inner\">\n\t\t\t\t<div class=\"elementor-element elementor-element-c6cc0be elementor-widget elementor-widget-text-editor\" data-id=\"c6cc0be\" data-element_type=\"widget\" data-widget_type=\"text-editor.default\">\n\t\t\t\t<div class=\"elementor-widget-container\">\n\t\t\t<style>\/*! elementor - v3.21.0 - 22-05-2024 *\/\n.elementor-widget-text-editor.elementor-drop-cap-view-stacked .elementor-drop-cap{background-color:#69727d;color:#fff}.elementor-widget-text-editor.elementor-drop-cap-view-framed .elementor-drop-cap{color:#69727d;border:3px solid;background-color:transparent}.elementor-widget-text-editor:not(.elementor-drop-cap-view-default) .elementor-drop-cap{margin-top:8px}.elementor-widget-text-editor:not(.elementor-drop-cap-view-default) .elementor-drop-cap-letter{width:1em;height:1em}.elementor-widget-text-editor .elementor-drop-cap{float:left;text-align:center;line-height:1;font-size:50px}.elementor-widget-text-editor .elementor-drop-cap-letter{display:inline-block}<\/style>\t\t\t\t<p><!-- wp:heading --><\/p>\n<div id=\"story_1ce8821e611063663f85f30a96575afd\" class=\"up-d-story-item top\" data-v-2fd9a6cc=\"\" data-v-ae73e4c6=\"\">\n<div class=\"up-d-story\" data-v-2fd9a6cc=\"\" data-ev-sublocation=\"chat_room\">\n<div data-v-2fd9a6cc=\"\">\n<div class=\"story-inner top\" data-v-2fd9a6cc=\"\">\n<div class=\"story-section\" data-v-2fd9a6cc=\"\">\n<div class=\"story-message\" data-v-2fd9a6cc=\"\">\n<div class=\"up-d-message\" data-v-da8aa29a=\"\" data-v-2fd9a6cc=\"\">\n<h3><strong>Cookies: Cookiesbeleid<\/strong><\/h3>\n<p>Bij Tamins gebruiken we cookies om je gebruikservaring op onze website te verbeteren. Cookies zijn kleine tekstbestanden die op je apparaat worden geplaatst wanneer je onze site bezoekt. Ze helpen ons het verkeer op de site te analyseren, inhoud en advertenties te personaliseren en functies voor sociale media aan te bieden.<\/p>\n<h3><strong>De cookies die we gebruiken kunnen als volgt worden ingedeeld:<\/strong><\/h3>\n<h4><strong>Noodzakelijke cookies<\/strong><\/h4>\n<p>\u00a0Deze cookies zijn essentieel voor de goede werking van de website en zorgen ervoor dat u kunt surfen en de basisfuncties kunt gebruiken.<\/p>\n<h3><strong>Prestatiecookies<\/strong>\u00a0<\/h3>\n<p>\u00a0Deze cookies helpen ons te begrijpen hoe bezoekers omgaan met onze website door anonieme informatie te verzamelen over de bezochte pagina's en de ondernomen acties.<\/p>\n<h3>Functionele cookies<\/h3>\n<p>\u00a0Met deze cookies kan de website de keuzes die u maakt (zoals taal of regio) onthouden en verbeterde en meer persoonlijke functionaliteit bieden.<\/p>\n<h3>Advertentiecookies<\/h3>\n<p>\u00a0Deze cookies worden gebruikt om advertenties te leveren die relevant zijn voor jou en je interesses. Ze worden ook gebruikt om het aantal keren dat je een advertentie te zien krijgt te beperken en om de effectiviteit van reclamecampagnes te meten.<br \/>En utilisant notre site web, vous consentez \u00e0 l&rsquo;utilisation de ces cookies conform\u00e9ment \u00e0 notre politique. Vous pouvez contr\u00f4ler et g\u00e9rer les cookies dans les param\u00e8tres de votre navigateur.<\/p>\n<p>Als u vragen hebt over ons cookiebeleid, kunt u contact met ons opnemen via info@tamins.be.<\/p>\n<\/div>\n<\/div>\n<\/div>\n<\/div>\n<\/div>\n<\/div>\n<\/div>\n<div id=\"story_015e36c78a1432eb07463bda0a8a98a1\" class=\"up-d-story-item\" data-v-2fd9a6cc=\"\" data-v-ae73e4c6=\"\">\n<div class=\"up-d-story\" data-v-2fd9a6cc=\"\" data-ev-sublocation=\"chat_room\">\n<div data-v-2fd9a6cc=\"\">\n<div class=\"story-inner\" data-v-2fd9a6cc=\"\">\n<h3 class=\"avatar-section\">Privacy: Privacybeleid<\/h3>\n<div class=\"story-section\" data-v-2fd9a6cc=\"\">\n<div class=\"story-message\" data-v-2fd9a6cc=\"\">\n<div class=\"up-d-message\" data-v-da8aa29a=\"\" data-v-2fd9a6cc=\"\">\n<p>Bij Tamins is de bescherming van uw privacy belangrijk voor ons. Dit privacybeleid beschrijft hoe we je gegevens verzamelen, gebruiken en beschermen wanneer je onze website of diensten gebruikt.<\/p>\n<h3>Informatie verzamelen<\/h3>\n<p>We kunnen persoonlijke informatie verzamelen wanneer u een formulier op onze site invult, een offerte aanvraagt of contact met ons opneemt via e-mail of telefoon. De informatie die we kunnen verzamelen omvat uw naam, adres, e-mailadres, telefoonnummer en details van uw verzekeringsbehoeften.<\/p>\n<h3>Gebruik van informatie<\/h3>\n<p>We gebruiken uw persoonlijke gegevens om uw verzoeken te beantwoorden, verzekeringsdiensten te verlenen, onze website te verbeteren en uw gebruikerservaring te personaliseren. We zullen uw informatie niet delen met onbevoegde derden, behalve als dit nodig is om onze diensten te verlenen of als dit wettelijk verplicht is.<\/p>\n<h3>Gebruik van informatie<\/h3>\n<p>We nemen gepaste veiligheidsmaatregelen om uw persoonlijke gegevens te beschermen tegen ongeoorloofde toegang, oneigenlijk gebruik of openbaarmaking.<\/p>\n<h3>Cookies<\/h3>\n<p>We nemen gepaste veiligheidsmaatregelen om uw persoonlijke gegevens te beschermen tegen ongeoorloofde toegang, oneigenlijk gebruik of openbaarmaking.<\/p>\n<h3>Recht op toegang en rectificatie\u00a0<\/h3>\n<p>U hebt het recht om uw persoonlijke gegevens in te zien, te corrigeren of te verwijderen. Om deze rechten uit te oefenen of als u vragen hebt over ons privacybeleid, kunt u contact met ons opnemen via info@tamins.be.<\/p>\n<p>Door gebruik te maken van onze website stemt u in met dit privacybeleid. Dit beleid kan worden gewijzigd, kijk regelmatig op deze pagina voor updates.<\/p>\n<\/div>\n<\/div>\n<\/div>\n<\/div>\n<\/div>\n<\/div>\n<\/div>\n<p><!-- \/wp:paragraph --><\/p>\t\t\t\t\t\t<\/div>\n\t\t\t\t<\/div>\n\t\t\t\t\t<\/div>\n\t\t\t\t<\/div>\n\t\t\t\t<\/div>","protected":false},"excerpt":{"rendered":"<p>Cookies: Politique de Cookies Chez Tamins, nous utilisons des cookies pour am\u00e9liorer votre exp\u00e9rience utilisateur sur notre site web. Les [&hellip;]<\/p>","protected":false},"author":1,"featured_media":0,"parent":0,"menu_order":0,"comment_status":"closed","ping_status":"open","template":"","meta":{"site-sidebar-layout":"default","site-content-layout":"","ast-site-content-layout":"default","site-content-style":"default","site-sidebar-style":"default","ast-global-header-display":"","ast-banner-title-visibility":"","ast-main-header-display":"","ast-hfb-above-header-display":"","ast-hfb-below-header-display":"","ast-hfb-mobile-header-display":"","site-post-title":"","ast-breadcrumbs-content":"","ast-featured-img":"","footer-sml-layout":"","ast-disable-related-posts":"","theme-transparent-header-meta":"","adv-header-id-meta":"","stick-header-meta":"","header-above-stick-meta":"","header-main-stick-meta":"","header-below-stick-meta":"","astra-migrate-meta-layouts":"default","ast-page-background-enabled":"default","ast-page-background-meta":{"desktop":{"background-color":"var(--ast-global-color-5)","background-image":"","background-repeat":"repeat","background-position":"center center","background-size":"auto","background-attachment":"scroll","background-type":"","background-media":"","overlay-type":"","overlay-color":"","overlay-opacity":"","overlay-gradient":""},"tablet":{"background-color":"","background-image":"","background-repeat":"repeat","background-position":"center center","background-size":"auto","background-attachment":"scroll","background-type":"","background-media":"","overlay-type":"","overlay-color":"","overlay-opacity":"","overlay-gradient":""},"mobile":{"background-color":"","background-image":"","background-repeat":"repeat","background-position":"center center","background-size":"auto","background-attachment":"scroll","background-type":"","background-media":"","overlay-type":"","overlay-color":"","overlay-opacity":"","overlay-gradient":""}},"ast-content-background-meta":{"desktop":{"background-color":"var(--ast-global-color-4)","background-image":"","background-repeat":"repeat","background-position":"center center","background-size":"auto","background-attachment":"scroll","background-type":"","background-media":"","overlay-type":"","overlay-color":"","overlay-opacity":"","overlay-gradient":""},"tablet":{"background-color":"var(--ast-global-color-4)","background-image":"","background-repeat":"repeat","background-position":"center center","background-size":"auto","background-attachment":"scroll","background-type":"","background-media":"","overlay-type":"","overlay-color":"","overlay-opacity":"","overlay-gradient":""},"mobile":{"background-color":"var(--ast-global-color-4)","background-image":"","background-repeat":"repeat","background-position":"center center","background-size":"auto","background-attachment":"scroll","background-type":"","background-media":"","overlay-type":"","overlay-color":"","overlay-opacity":"","overlay-gradient":""}},"footnotes":""},"_links":{"self":[{"href":"https:\/\/tamins.be\/nl\/wp-json\/wp\/v2\/pages\/3"}],"collection":[{"href":"https:\/\/tamins.be\/nl\/wp-json\/wp\/v2\/pages"}],"about":[{"href":"https:\/\/tamins.be\/nl\/wp-json\/wp\/v2\/types\/page"}],"author":[{"embeddable":true,"href":"https:\/\/tamins.be\/nl\/wp-json\/wp\/v2\/users\/1"}],"replies":[{"embeddable":true,"href":"https:\/\/tamins.be\/nl\/wp-json\/wp\/v2\/comments?post=3"}],"version-history":[{"count":12,"href":"https:\/\/tamins.be\/nl\/wp-json\/wp\/v2\/pages\/3\/revisions"}],"predecessor-version":[{"id":4017,"href":"https:\/\/tamins.be\/nl\/wp-json\/wp\/v2\/pages\/3\/revisions\/4017"}],"wp:attachment":[{"href":"https:\/\/tamins.be\/nl\/wp-json\/wp\/v2\/media?parent=3"}],"curies":[{"name":"wp","href":"https:\/\/api.w.org\/{rel}","templated":true}]}}